{"id":2,"date":"2017-12-05T18:04:32","date_gmt":"2017-12-05T18:04:32","guid":{"rendered":"http:\/\/quadrigelo.com.br\/site\/?page_id=2"},"modified":"2023-02-28T17:19:10","modified_gmt":"2023-02-28T17:19:10","slug":"lojas","status":"publish","type":"page","link":"https:\/\/quadrigelo.com.br\/site\/lojas\/","title":{"rendered":"Nossas Lojas"},"content":{"rendered":"<p>A Quadri Gelo possui uma loja localizada em S\u00e3o Paulo:<\/p>\n<p>Avenida Nadir Dias de Figueiredo, 830 &#8211; Vila Maria &#8211; S\u00e3o Paulo &#8211; SP<br data-rich-text-line-break=\"true\" \/>CEP: 02110-000<\/p>\n<p><iframe loading=\"lazy\" style=\"border: 0;\" src=\"https:\/\/www.google.com\/maps\/embed?pb=!1m18!1m12!1m3!1d3658.410009268852!2d-46.59703258465124!3d-23.517751265869233!2m3!1f0!2f0!3f0!3m2!1i1024!2i768!4f13.1!3m3!1m2!1s0x94ce580bdc463b9f%3A0xe14643155e82903e!2sQuadrigelo%20Ind%C3%BAstria%20e%20Com%C3%A9rcio%20de%20Gelo!5e0!3m2!1spt-BR!2sbr!4v1677604564624!5m2!1spt-BR!2sbr\" width=\"600\" height=\"450\" allowfullscreen=\"allowfullscreen\"><\/iframe><\/p>\n\n\n<p>ATEN\u00c7\u00c3O: N\u00c3O TRABALHAMOS COM GELO SECO.<\/p>\n","protected":false},"excerpt":{"rendered":"<p>A Quadri Gelo possui uma loja localizada em S\u00e3o Paulo: Avenida Nadir Dias de Figueiredo, 830 &#8211; Vila Maria &#8211; S\u00e3o Paulo &#8211; SPCEP: 02110-000 ATEN\u00c7\u00c3O: N\u00c3O TRABALHAMOS COM GELO SECO.<\/p>\n","protected":false},"author":1,"featured_media":0,"parent":0,"menu_order":0,"comment_status":"closed","ping_status":"open","template":"","meta":{"footnotes":""},"class_list":["post-2","page","type-page","status-publish","hentry"],"_links":{"self":[{"href":"https:\/\/quadrigelo.com.br\/site\/wp-json\/wp\/v2\/pages\/2","targetHints":{"allow":["GET"]}}],"collection":[{"href":"https:\/\/quadrigelo.com.br\/site\/wp-json\/wp\/v2\/pages"}],"about":[{"href":"https:\/\/quadrigelo.com.br\/site\/wp-json\/wp\/v2\/types\/page"}],"author":[{"embeddable":true,"href":"https:\/\/quadrigelo.com.br\/site\/wp-json\/wp\/v2\/users\/1"}],"replies":[{"embeddable":true,"href":"https:\/\/quadrigelo.com.br\/site\/wp-json\/wp\/v2\/comments?post=2"}],"version-history":[{"count":5,"href":"https:\/\/quadrigelo.com.br\/site\/wp-json\/wp\/v2\/pages\/2\/revisions"}],"predecessor-version":[{"id":93,"href":"https:\/\/quadrigelo.com.br\/site\/wp-json\/wp\/v2\/pages\/2\/revisions\/93"}],"wp:attachment":[{"href":"https:\/\/quadrigelo.com.br\/site\/wp-json\/wp\/v2\/media?parent=2"}],"curies":[{"name":"wp","href":"https:\/\/api.w.org\/{rel}","templated":true}]}}