{"id":8,"date":"2017-12-05T19:03:21","date_gmt":"2017-12-05T19:03:21","guid":{"rendered":"http:\/\/quadrigelo.com.br\/site\/?page_id=8"},"modified":"2018-01-15T14:53:06","modified_gmt":"2018-01-15T14:53:06","slug":"sobre","status":"publish","type":"page","link":"https:\/\/quadrigelo.com.br\/site\/sobre\/","title":{"rendered":"Quem Somos"},"content":{"rendered":"<p>Somos uma empresa fundada em 2012, que no ramo de fabrica\u00e7\u00e3o do gelo em cubos, inovamos fazendo gelo com o formato quadrado muito semelhante ao da forma de geladeira da sua casa, sendo esse nosso diferencial no mercado.<\/p>\n<div id=\"attachment_51\" style=\"width: 124px\" class=\"wp-caption alignnone\"><img loading=\"lazy\" decoding=\"async\" aria-describedby=\"caption-attachment-51\" class=\"wp-image-51\" src=\"http:\/\/quadrigelo.com.br\/site\/wp-content\/uploads\/2018\/01\/FAB-05.jpg\" alt=\"\" width=\"114\" height=\"152\" \/><p id=\"caption-attachment-51\" class=\"wp-caption-text\">Sacos de gelo.<\/p><\/div>\n<p>Nossas m\u00e1quinas foram produzidas por recursos pr\u00f3prios, por isso, n\u00e3o existe nenhuma outra m\u00e1quina igual no mercado. Tamb\u00e9m trabalhamos com gelo britado, que \u00e9 produzido em nossa parceira estabelecida na Vila Maria, zona norte de S\u00e3o Paulo.<\/p>\n<div id=\"attachment_78\" style=\"width: 125px\" class=\"wp-caption alignnone\"><img loading=\"lazy\" decoding=\"async\" aria-describedby=\"caption-attachment-78\" class=\" wp-image-78\" src=\"http:\/\/quadrigelo.com.br\/site\/wp-content\/uploads\/2018\/01\/FAB-03-225x300.jpg\" alt=\"\" width=\"115\" height=\"153\" srcset=\"https:\/\/quadrigelo.com.br\/site\/wp-content\/uploads\/2018\/01\/FAB-03-225x300.jpg 225w, https:\/\/quadrigelo.com.br\/site\/wp-content\/uploads\/2018\/01\/FAB-03-768x1024.jpg 768w, https:\/\/quadrigelo.com.br\/site\/wp-content\/uploads\/2018\/01\/FAB-03-624x832.jpg 624w, https:\/\/quadrigelo.com.br\/site\/wp-content\/uploads\/2018\/01\/FAB-03.jpg 1536w\" sizes=\"auto, (max-width: 115px) 100vw, 115px\" \/><p id=\"caption-attachment-78\" class=\"wp-caption-text\">Nossa m\u00e1quina de fabrica\u00e7\u00e3o de gelo.<\/p><\/div>\n<p>A Fabrica\u00e7\u00e3o dos nossos produtos seguem todas as normas da ANVISA, inclusive fazemos todos os meses an\u00e1lise do gelo sempre mantendo a \u00f3tima qualidade do produto.<\/p>\n<div id=\"attachment_77\" style=\"width: 127px\" class=\"wp-caption alignnone\"><img loading=\"lazy\" decoding=\"async\" aria-describedby=\"caption-attachment-77\" class=\" wp-image-77\" src=\"http:\/\/quadrigelo.com.br\/site\/wp-content\/uploads\/2018\/01\/FAB-02-225x300.jpg\" alt=\"\" width=\"117\" height=\"156\" srcset=\"https:\/\/quadrigelo.com.br\/site\/wp-content\/uploads\/2018\/01\/FAB-02-225x300.jpg 225w, https:\/\/quadrigelo.com.br\/site\/wp-content\/uploads\/2018\/01\/FAB-02-768x1024.jpg 768w, https:\/\/quadrigelo.com.br\/site\/wp-content\/uploads\/2018\/01\/FAB-02-624x832.jpg 624w, https:\/\/quadrigelo.com.br\/site\/wp-content\/uploads\/2018\/01\/FAB-02.jpg 1536w\" sizes=\"auto, (max-width: 117px) 100vw, 117px\" \/><p id=\"caption-attachment-77\" class=\"wp-caption-text\">Produ\u00e7\u00e3o de gelo.<\/p><\/div>\n<p>Possu\u00edmos carros espec\u00edficos, refrigerados para entrega do gelo.<\/p>\n<div id=\"attachment_86\" style=\"width: 158px\" class=\"wp-caption alignnone\"><img loading=\"lazy\" decoding=\"async\" aria-describedby=\"caption-attachment-86\" class=\"wp-image-86\" src=\"http:\/\/quadrigelo.com.br\/site\/wp-content\/uploads\/2018\/01\/SEV-02.jpg\" alt=\"\" width=\"148\" height=\"87\" \/><p id=\"caption-attachment-86\" class=\"wp-caption-text\">Transporte do gelo<\/p><\/div>\n<p>Atendemos Bares, Postos, Supermercados, revenda em geral, varejo e qual for a sua necessidade.<br \/>\nVenha nos fazer uma <a href=\"http:\/\/quadrigelo.com.br\/site\/lojas\/\">visita<\/a>.<\/p>\n","protected":false},"excerpt":{"rendered":"<p>Somos uma empresa fundada em 2012, que no ramo de fabrica\u00e7\u00e3o do gelo em cubos, inovamos fazendo gelo com o formato quadrado muito semelhante ao da forma de geladeira da sua casa, sendo esse nosso diferencial no mercado. Nossas m\u00e1quinas foram produzidas por recursos pr\u00f3prios, por isso, n\u00e3o existe nenhuma&#8230; <a href=\"https:\/\/quadrigelo.com.br\/site\/sobre\/\">Read more &raquo;<\/a><\/p>\n","protected":false},"author":1,"featured_media":0,"parent":0,"menu_order":0,"comment_status":"closed","ping_status":"closed","template":"","meta":{"footnotes":""},"class_list":["post-8","page","type-page","status-publish","hentry"],"_links":{"self":[{"href":"https:\/\/quadrigelo.com.br\/site\/wp-json\/wp\/v2\/pages\/8","targetHints":{"allow":["GET"]}}],"collection":[{"href":"https:\/\/quadrigelo.com.br\/site\/wp-json\/wp\/v2\/pages"}],"about":[{"href":"https:\/\/quadrigelo.com.br\/site\/wp-json\/wp\/v2\/types\/page"}],"author":[{"embeddable":true,"href":"https:\/\/quadrigelo.com.br\/site\/wp-json\/wp\/v2\/users\/1"}],"replies":[{"embeddable":true,"href":"https:\/\/quadrigelo.com.br\/site\/wp-json\/wp\/v2\/comments?post=8"}],"version-history":[{"count":7,"href":"https:\/\/quadrigelo.com.br\/site\/wp-json\/wp\/v2\/pages\/8\/revisions"}],"predecessor-version":[{"id":87,"href":"https:\/\/quadrigelo.com.br\/site\/wp-json\/wp\/v2\/pages\/8\/revisions\/87"}],"wp:attachment":[{"href":"https:\/\/quadrigelo.com.br\/site\/wp-json\/wp\/v2\/media?parent=8"}],"curies":[{"name":"wp","href":"https:\/\/api.w.org\/{rel}","templated":true}]}}