{"id":9,"date":"2017-12-05T19:03:21","date_gmt":"2017-12-05T19:03:21","guid":{"rendered":"http:\/\/quadrigelo.com.br\/site\/?page_id=9"},"modified":"2018-01-15T14:25:49","modified_gmt":"2018-01-15T14:25:49","slug":"produtos","status":"publish","type":"page","link":"https:\/\/quadrigelo.com.br\/site\/produtos\/","title":{"rendered":"Produtos"},"content":{"rendered":"<p>N\u00f3s trabalhamos com sacos de gelo de 5 kg<br \/>\n<img loading=\"lazy\" decoding=\"async\" class=\"alignnone wp-image-68\" src=\"http:\/\/quadrigelo.com.br\/site\/wp-content\/uploads\/2018\/01\/PROD-02.jpg\" alt=\"\" width=\"125\" height=\"177\" \/><br \/>\nSacos de 10 Kg<br \/>\n<img loading=\"lazy\" decoding=\"async\" class=\"alignnone wp-image-67\" src=\"http:\/\/quadrigelo.com.br\/site\/wp-content\/uploads\/2018\/01\/PROD-01.jpg\" alt=\"\" width=\"125\" height=\"167\" \/><br \/>\nE tamb\u00e9m sacos de 20 KG<br \/>\n<img loading=\"lazy\" decoding=\"async\" class=\"alignnone wp-image-51\" src=\"http:\/\/quadrigelo.com.br\/site\/wp-content\/uploads\/2018\/01\/FAB-05.jpg\" alt=\"\" width=\"126\" height=\"168\" \/><br \/>\nFornecemos Freezer em comodato para o seu com\u00e9rcio (Consulte-nos)<br \/>\n<img loading=\"lazy\" decoding=\"async\" class=\"alignnone wp-image-69\" src=\"http:\/\/quadrigelo.com.br\/site\/wp-content\/uploads\/2018\/01\/freezer.png\" alt=\"\" width=\"106\" height=\"224\" \/><\/p>\n","protected":false},"excerpt":{"rendered":"<p>N\u00f3s trabalhamos com sacos de gelo de 5 kg Sacos de 10 Kg E tamb\u00e9m sacos de 20 KG Fornecemos Freezer em comodato para o seu com\u00e9rcio (Consulte-nos)<\/p>\n","protected":false},"author":1,"featured_media":0,"parent":0,"menu_order":0,"comment_status":"closed","ping_status":"closed","template":"","meta":{"footnotes":""},"class_list":["post-9","page","type-page","status-publish","hentry"],"_links":{"self":[{"href":"https:\/\/quadrigelo.com.br\/site\/wp-json\/wp\/v2\/pages\/9","targetHints":{"allow":["GET"]}}],"collection":[{"href":"https:\/\/quadrigelo.com.br\/site\/wp-json\/wp\/v2\/pages"}],"about":[{"href":"https:\/\/quadrigelo.com.br\/site\/wp-json\/wp\/v2\/types\/page"}],"author":[{"embeddable":true,"href":"https:\/\/quadrigelo.com.br\/site\/wp-json\/wp\/v2\/users\/1"}],"replies":[{"embeddable":true,"href":"https:\/\/quadrigelo.com.br\/site\/wp-json\/wp\/v2\/comments?post=9"}],"version-history":[{"count":7,"href":"https:\/\/quadrigelo.com.br\/site\/wp-json\/wp\/v2\/pages\/9\/revisions"}],"predecessor-version":[{"id":74,"href":"https:\/\/quadrigelo.com.br\/site\/wp-json\/wp\/v2\/pages\/9\/revisions\/74"}],"wp:attachment":[{"href":"https:\/\/quadrigelo.com.br\/site\/wp-json\/wp\/v2\/media?parent=9"}],"curies":[{"name":"wp","href":"https:\/\/api.w.org\/{rel}","templated":true}]}}